{"id":45,"date":"2026-02-25T17:17:38","date_gmt":"2026-02-25T17:17:38","guid":{"rendered":"https:\/\/herbepotion.com\/wp\/?post_type=product&#038;p=45"},"modified":"2026-03-18T03:43:15","modified_gmt":"2026-03-18T03:43:15","slug":"salt-soap-vegan","status":"publish","type":"product","link":"https:\/\/herbepotion.com\/wp\/fr\/produit\/salt-soap-vegan\/","title":{"rendered":"Savon au sel (v\u00e9gan)"},"content":{"rendered":"<p>Ce savon est id\u00e9al pour exfolier la peau et offre tous les bienfaits du sel, notamment ses propri\u00e9t\u00e9s antibact\u00e9riennes et ses min\u00e9raux essentiels. Cependant, sa forte teneur en sel le rend friable\u00a0; l\u2019utilisation d\u2019un sac \u00e0 savon est donc recommand\u00e9e pour pouvoir r\u00e9cup\u00e9rer les petits morceaux qui se d\u00e9tachent.<\/p>\n<p>Ingr\u00e9dients : sel rose de l'Himalaya, huile de coco*, huile d'olive*, huile d'avocat, huile de ricin, beurre de karit\u00e9*, huile d'amande douce, soude caustique, eau, poudre de charbon actif, argile rose, huiles essentielles<\/p>\n<p>*bio<\/p>\n<p>&nbsp;<\/p>","protected":false},"excerpt":{"rendered":"<p>Savon au sel de l'Himalaya (70 g)<\/p>\n<p>parfum : l\u00e9ger, frais<\/p>","protected":false},"featured_media":48,"comment_status":"open","ping_status":"closed","template":"","meta":{"pagelayer_contact_templates":[],"_pagelayer_content":"","solace_meta_sidebar":"","solace_meta_container":"","solace_meta_enable_content_width":"off","solace_meta_content_width":100,"solace_meta_title_alignment":"","solace_meta_author_avatar":"","solace_post_elements_order":"","solace_meta_disable_header":"","solace_meta_disable_footer":"","solace_meta_disable_title":""},"product_brand":[],"product_cat":[21,20,18,19],"product_tag":[23,24,22],"class_list":{"0":"post-45","1":"product","2":"type-product","3":"status-publish","4":"has-post-thumbnail","6":"product_cat-exfoliating-soap","7":"product_cat-exfoliating","8":"product_cat-soap","9":"product_cat-vegan","10":"product_tag-salt","11":"product_tag-soap","12":"product_tag-vegan","14":"first","15":"instock","16":"shipping-taxable","17":"purchasable","18":"product-type-simple"},"jetpack_sharing_enabled":true,"_links":{"self":[{"href":"https:\/\/herbepotion.com\/wp\/fr\/wp-json\/wp\/v2\/product\/45","targetHints":{"allow":["GET"]}}],"collection":[{"href":"https:\/\/herbepotion.com\/wp\/fr\/wp-json\/wp\/v2\/product"}],"about":[{"href":"https:\/\/herbepotion.com\/wp\/fr\/wp-json\/wp\/v2\/types\/product"}],"replies":[{"embeddable":true,"href":"https:\/\/herbepotion.com\/wp\/fr\/wp-json\/wp\/v2\/comments?post=45"}],"wp:featuredmedia":[{"embeddable":true,"href":"https:\/\/herbepotion.com\/wp\/fr\/wp-json\/wp\/v2\/media\/48"}],"wp:attachment":[{"href":"https:\/\/herbepotion.com\/wp\/fr\/wp-json\/wp\/v2\/media?parent=45"}],"wp:term":[{"taxonomy":"product_brand","embeddable":true,"href":"https:\/\/herbepotion.com\/wp\/fr\/wp-json\/wp\/v2\/product_brand?post=45"},{"taxonomy":"product_cat","embeddable":true,"href":"https:\/\/herbepotion.com\/wp\/fr\/wp-json\/wp\/v2\/product_cat?post=45"},{"taxonomy":"product_tag","embeddable":true,"href":"https:\/\/herbepotion.com\/wp\/fr\/wp-json\/wp\/v2\/product_tag?post=45"}],"curies":[{"name":"wp","href":"https:\/\/api.w.org\/{rel}","templated":true}]}}